{"id":4912,"date":"2023-09-21T12:44:57","date_gmt":"2023-09-21T09:44:57","guid":{"rendered":"https:\/\/caurishealthfr.com\/dental-treatments\/"},"modified":"2024-01-31T12:50:32","modified_gmt":"2024-01-31T09:50:32","slug":"gulus-tasarimi","status":"publish","type":"page","link":"https:\/\/caurishealthfr.com\/tr\/gulus-tasarimi\/","title":{"rendered":"G\u00fcl\u00fc\u015f Tasar\u0131m\u0131"},"content":{"rendered":"<section data-bb-version=\"4.6.1\" id=\"bt_bb_section6a047fe0bc125\" class=\"bt_bb_section bt_bb_color_scheme_10 bt_bb_layout_boxed_1200 bt_bb_vertical_align_top bt_bb_top_spacing_large bt_bb_bottom_spacing_normal\" style=\"; --section-primary-color:#ffffff; --section-secondary-color:var(--alternate-color);\" data-bt-override-class=\"{&quot;bt_bb_top_spacing_&quot;:{&quot;current_class&quot;:&quot;bt_bb_top_spacing_large&quot;,&quot;xxl&quot;:&quot;large&quot;},&quot;bt_bb_bottom_spacing_&quot;:{&quot;current_class&quot;:&quot;bt_bb_bottom_spacing_normal&quot;,&quot;xxl&quot;:&quot;normal&quot;}}\"><div class=\"bt_bb_port\"><div class=\"bt_bb_cell\"><div class=\"bt_bb_cell_inner\"><div class=\"bt_bb_row_wrapper\"><div  class=\"bt_bb_row\"  data-bt-override-class=\"{}\"><div  class=\"bt_bb_column col-xxl-12 col-xl-12 col-xs-12 col-sm-12 col-md-12 col-lg-12 bt_bb_vertical_align_top bt_bb_align_left bt_bb_padding_normal bt_bb_animation_fade_in animate\"  data-width=\"12\" data-bt-override-class=\"{&quot;bt_bb_align_&quot;:{&quot;current_class&quot;:&quot;bt_bb_align_left&quot;,&quot;xxl&quot;:&quot;left&quot;,&quot;xl&quot;:&quot;left&quot;}}\"><div class=\"bt_bb_column_content\"><div class=\"bt_bb_column_content_inner\"><div data-bb-version=\"4.6.1\" class=\"bt_bb_separator bt_bb_border_style_none bt_bb_top_spacing_none bt_bb_bottom_spacing_medium bt_bb_hidden_xs bt_bb_hidden_ms bt_bb_hidden_sm\" data-bt-override-class=\"{&quot;bt_bb_top_spacing_&quot;:{&quot;current_class&quot;:&quot;bt_bb_top_spacing_none&quot;,&quot;xxl&quot;:&quot;none&quot;},&quot;bt_bb_bottom_spacing_&quot;:{&quot;current_class&quot;:&quot;bt_bb_bottom_spacing_medium&quot;,&quot;xxl&quot;:&quot;medium&quot;}}\"><\/div><header data-bb-version=\"4.6.1\" class=\"bt_bb_headline bt_bb_subheadline_text_transform_default bt_bb_dash_none bt_bb_subheadline bt_bb_size_extralarge bt_bb_align_center\" data-bt-override-class=\"{&quot;bt_bb_size_&quot;:{&quot;current_class&quot;:&quot;bt_bb_size_extralarge&quot;,&quot;xxl&quot;:&quot;extralarge&quot;},&quot;bt_bb_align_&quot;:{&quot;current_class&quot;:&quot;bt_bb_align_center&quot;,&quot;xxl&quot;:&quot;center&quot;}}\"><h1 class=\"bt_bb_headline_tag\"><span class=\"bt_bb_headline_content\"><span>G\u00fcl\u00fc\u015f <b>Tasar\u0131m\u0131<\/b><\/span><\/span><\/h1><div class=\"bt_bb_headline_subheadline\">Kaplama - \u0130mplant - Lamine<\/div><\/header><div class=\"bt_bb_separator bt_bb_border_style_none bt_bb_bottom_spacing_normal\" data-bt-override-class=\"{&quot;bt_bb_bottom_spacing_&quot;:{&quot;current_class&quot;:&quot;bt_bb_bottom_spacing_normal&quot;,&quot;xxl&quot;:&quot;normal&quot;}}\"><\/div><\/div><\/div><\/div><\/div><\/div><\/div><!-- cell_inner --><\/div><!-- cell --><\/div><!-- port --><\/section><section id=\"bt_bb_section6a047fe0bc504\" class=\"bt_bb_section bt_bb_color_scheme_8 bt_bb_layout_wide bt_bb_vertical_align_top\" style=\"; --section-primary-color:var(--alternate-color); --section-secondary-color:#ffffff;\" data-bt-override-class=\"null\"><div class=\"bt_bb_port\"><div class=\"bt_bb_cell\"><div class=\"bt_bb_cell_inner\"><div class=\"bt_bb_row_wrapper bt_bb_row_push_right bt_bb_content_wide bt_bb_row_width_boxed_1200\"><div  class=\"bt_bb_row bt_bb_column_gap_0\"  data-bt-override-class=\"{}\"><div  class=\"bt_bb_column col-xxl-7 col-xl-7 col-xs-12 col-sm-12 col-md-12 col-lg-7 bt_bb_vertical_align_middle bt_bb_align_left bt_bb_padding_normal bt_bb_animation_fade_in animate\"  data-width=\"7\" data-bt-override-class=\"{&quot;bt_bb_align_&quot;:{&quot;current_class&quot;:&quot;bt_bb_align_left&quot;,&quot;xxl&quot;:&quot;left&quot;,&quot;xl&quot;:&quot;left&quot;}}\"><div class=\"bt_bb_column_content\"><div class=\"bt_bb_column_content_inner\"><div class=\"bt_bb_separator bt_bb_border_style_none bt_bb_bottom_spacing_normal\" data-bt-override-class=\"{&quot;bt_bb_bottom_spacing_&quot;:{&quot;current_class&quot;:&quot;bt_bb_bottom_spacing_normal&quot;,&quot;xxl&quot;:&quot;normal&quot;,&quot;sm&quot;:&quot;small&quot;,&quot;xs&quot;:&quot;small&quot;}}\"><\/div><header class=\"bt_bb_headline bt_bb_dash_none bt_bb_subheadline bt_bb_size_large bt_bb_align_inherit\" style=\"max-width: 600px;\" data-bt-override-class=\"{&quot;bt_bb_size_&quot;:{&quot;current_class&quot;:&quot;bt_bb_size_large&quot;,&quot;xxl&quot;:&quot;large&quot;,&quot;xl&quot;:&quot;large&quot;},&quot;bt_bb_align_&quot;:{&quot;current_class&quot;:&quot;bt_bb_align_inherit&quot;,&quot;xxl&quot;:&quot;inherit&quot;,&quot;xl&quot;:&quot;inherit&quot;}}\"><h2 class=\"bt_bb_headline_tag\"><span class=\"bt_bb_headline_content\"><span>G\u00fcl\u00fc\u015f <b>Tasar\u0131m\u0131<\/b><\/span><\/span><\/h2><div class=\"bt_bb_headline_subheadline\">Yeni ve M\u00fckemmel Bir G\u00fcl\u00fcmseme Kazan\u0131n<\/div><\/header><div class=\"bt_bb_separator bt_bb_border_style_none bt_bb_bottom_spacing_normal\" data-bt-override-class=\"{&quot;bt_bb_bottom_spacing_&quot;:{&quot;current_class&quot;:&quot;bt_bb_bottom_spacing_normal&quot;,&quot;xxl&quot;:&quot;normal&quot;}}\"><\/div><div class=\"bt_bb_row_wrapper\"><div  class=\"bt_bb_row_inner\"  data-bt-override-class=\"{}\"><div  class=\"bt_bb_column_inner col-xxl-6 col-xl-6 col-xs-12 col-sm-12 col-md-12 col-lg-6 bt_bb_align_left bt_bb_vertical_align_top\"  data-width=\"6\" data-bt-override-class=\"{}\"><div class=\"bt_bb_column_inner_content\"><div  class=\"bt_bb_text\" ><p><strong>Beyaz ve inci gibi do\u011fal bir g\u00fcl\u00fcmseme hepimiz i\u00e7in en \u00e7ekici jesttir. M\u00fckemmel bir g\u00fcl\u00fcmsemeye sahip olurken, o sa\u011fl\u0131kl\u0131 ve g\u00fc\u00e7l\u00fc di\u015flere sahip olabilirsiniz.<\/strong><\/p>\n<p>Eksik di\u015flerinizin yerine kaliteli implant ve k\u00f6pr\u00fclere sahip olabilirsiniz.<\/p>\n<p>Di\u015f kronlar\u0131, di\u015fleri veya implantlar\u0131 kaplamak i\u00e7in en iyi se\u00e7eneklerdir.<\/p>\n<\/div><div class=\"bt_bb_separator bt_bb_border_style_none bt_bb_bottom_spacing_small bt_bb_hidden_md bt_bb_hidden_lg\" data-bt-override-class=\"null\"><\/div><\/div><\/div><div  class=\"bt_bb_column_inner col-xxl-6 col-xl-6 col-xs-12 col-sm-12 col-md-12 col-lg-6 bt_bb_align_left bt_bb_vertical_align_top\"  data-width=\"6\" data-bt-override-class=\"{}\"><div class=\"bt_bb_column_inner_content\"><div  class=\"bt_bb_text\" ><p>\u00c7e\u015fitli di\u015f kaplama malzemeleri sayesinde g\u00fc\u00e7l\u00fc ve do\u011fal olarak parlak di\u015flere sahip olacaks\u0131n\u0131z.<\/p>\n<p>Di\u015f kaplamalar\u0131 sa\u011fl\u0131kl\u0131 fakat rengi solmu\u015f di\u015fler ve d\u00fczg\u00fcn olmayan di\u015f etleri i\u00e7in en iyi \u00e7\u00f6z\u00fcmd\u00fcr.<\/p>\n<p>Sa\u011fl\u0131kl\u0131 ve parlak bir g\u00fcl\u00fcmseme i\u00e7in en iyi tedavi se\u00e7enekleriniz i\u00e7in l\u00fctfen \u00e7evrimi\u00e7i olarak bize dan\u0131\u015f\u0131n.<\/p>\n<\/div><\/div><\/div><\/div><\/div><div class=\"bt_bb_separator bt_bb_border_style_none bt_bb_bottom_spacing_normal\" data-bt-override-class=\"{&quot;bt_bb_bottom_spacing_&quot;:{&quot;current_class&quot;:&quot;bt_bb_bottom_spacing_normal&quot;,&quot;xxl&quot;:&quot;normal&quot;,&quot;sm&quot;:&quot;normal&quot;,&quot;xs&quot;:&quot;normal&quot;}}\"><\/div><\/div><\/div><\/div><div  class=\"bt_bb_column col-xxl-1 col-xl-1 col-xs-12 col-sm-12 col-md-12 col-lg-1 bt_bb_vertical_align_top bt_bb_align_left bt_bb_padding_normal\"  data-width=\"1\" data-bt-override-class=\"{}\"><div class=\"bt_bb_column_content\"><div class=\"bt_bb_column_content_inner\"><\/div><\/div><\/div><div data-bb-version=\"4.6.1\"  class=\"bt_bb_column col-xxl-4 col-xl-4 col-xs-12 col-sm-12 col-md-12 col-lg-4 bt_bb_vertical_align_top bt_bb_align_left btLazyLoadBackground bt_bb_column_background_image bt_bb_padding_normal bt_bb_animation_fade_in animate bt_bb_shape_soft-rounded\" style=\"background-image:url(&#039;https:\/\/caurishealthfr.com\/wp-content\/plugins\/bold-page-builder\/img\/blank.gif&#039;);\" data-background_image_src='https:\/\/caurishealthfr.com\/wp-content\/uploads\/2023\/09\/dental-1.jpg' data-width=\"4\" data-bt-override-class=\"{&quot;bt_bb_align_&quot;:{&quot;current_class&quot;:&quot;bt_bb_align_left&quot;,&quot;xxl&quot;:&quot;left&quot;},&quot;bt_bb_padding_&quot;:{&quot;current_class&quot;:&quot;bt_bb_padding_normal&quot;,&quot;xxl&quot;:&quot;normal&quot;}}\"><div class=\"bt_bb_column_content\"><div class=\"bt_bb_column_content_inner\"><div data-bb-version=\"4.6.1\" class=\"bt_bb_image bt_bb_shape_square bt_bb_target_self bt_bb_align_inherit bt_bb_hover_style_simple bt_bb_content_display_always bt_bb_content_align_middle bt_bb_hidden_md bt_bb_hidden_lg bt_bb_hidden_xl\" data-bt-override-class=\"{&quot;bt_bb_align_&quot;:{&quot;current_class&quot;:&quot;bt_bb_align_inherit&quot;,&quot;xxl&quot;:&quot;inherit&quot;}}\"><span><img loading=\"lazy\" decoding=\"async\" width=\"910\" height=\"1368\" src=\"https:\/\/caurishealthfr.com\/wp-content\/uploads\/2023\/09\/dental-1.jpg\" class=\"attachment-full size-full\" alt=\"cauris health dental treatment\" data-full_image_src=\"https:\/\/caurishealthfr.com\/wp-content\/uploads\/2023\/09\/dental-1.jpg\" title=\"dental-1\" srcset=\"https:\/\/caurishealthfr.com\/wp-content\/uploads\/2023\/09\/dental-1.jpg 910w, https:\/\/caurishealthfr.com\/wp-content\/uploads\/2023\/09\/dental-1-640x962.jpg 640w, https:\/\/caurishealthfr.com\/wp-content\/uploads\/2023\/09\/dental-1-768x1155.jpg 768w, https:\/\/caurishealthfr.com\/wp-content\/uploads\/2023\/09\/dental-1-320x481.jpg 320w, https:\/\/caurishealthfr.com\/wp-content\/uploads\/2023\/09\/dental-1-360x540.jpg 360w\" sizes=\"(max-width: 910px) 100vw, 910px\" \/><\/span><\/div><div data-bb-version=\"4.6.1\" class=\"bt_bb_separator bt_bb_border_style_none bt_bb_top_spacing_normal bt_bb_bottom_spacing_none bt_bb_hidden_md bt_bb_hidden_lg bt_bb_hidden_xl\" data-bt-override-class=\"{&quot;bt_bb_top_spacing_&quot;:{&quot;current_class&quot;:&quot;bt_bb_top_spacing_normal&quot;,&quot;xxl&quot;:&quot;normal&quot;},&quot;bt_bb_bottom_spacing_&quot;:{&quot;current_class&quot;:&quot;bt_bb_bottom_spacing_none&quot;,&quot;xxl&quot;:&quot;none&quot;}}\"><\/div><\/div><\/div><\/div><\/div><\/div><div class=\"bt_bb_row_wrapper\"><div  class=\"bt_bb_row\"  data-bt-override-class=\"{}\"><div  class=\"bt_bb_column col-xxl-12 col-xl-12 col-xs-12 col-sm-12 col-md-12 col-lg-12 bt_bb_vertical_align_top bt_bb_align_left bt_bb_padding_normal\"  data-width=\"12\" data-bt-override-class=\"{}\"><div class=\"bt_bb_column_content\"><div class=\"bt_bb_column_content_inner\"><\/div><\/div><\/div><\/div><\/div><div data-bb-version=\"4.6.1\" class=\"bt_bb_row_wrapper bt_bb_row_push_left bt_bb_content_wide bt_bb_row_width_boxed_1200\"><div  class=\"bt_bb_row bt_bb_column_gap_0\" style=\"background: linear-gradient( 180deg, rgba(255,255,255,0) 0%, rgba(255,255,255,0.8) 15%, rgba(255,255,255,1) 100%);\" data-bt-override-class=\"{}\"><div data-bb-version=\"4.6.1\"  class=\"bt_bb_column col-xxl-4 col-xl-4 col-xs-12 col-sm-12 col-md-12 col-lg-4 bt_bb_vertical_align_middle bt_bb_align_left bt_bb_order_md_2 bt_bb_order_sm_2 bt_bb_order_xs_2 bt_bb_padding_normal bt_bb_animation_fade_in animate bt_bb_shape_soft-rounded bt_bb_top_right_shape bt_bb_bottom_right_shape\"  data-width=\"4\" data-bt-override-class=\"{&quot;bt_bb_align_&quot;:{&quot;current_class&quot;:&quot;bt_bb_align_left&quot;,&quot;xxl&quot;:&quot;left&quot;},&quot;bt_bb_padding_&quot;:{&quot;current_class&quot;:&quot;bt_bb_padding_normal&quot;,&quot;xxl&quot;:&quot;normal&quot;}}\"><div class=\"bt_bb_column_content\"><div class=\"bt_bb_column_content_inner\"><div class=\"bt_bb_separator bt_bb_border_style_none bt_bb_bottom_spacing_none bt_bb_hidden_xs bt_bb_hidden_ms bt_bb_hidden_sm\" data-bt-override-class=\"{&quot;bt_bb_bottom_spacing_&quot;:{&quot;current_class&quot;:&quot;bt_bb_bottom_spacing_none&quot;,&quot;xxl&quot;:&quot;none&quot;}}\"><\/div><div data-bb-version=\"4.6.1\" class=\"bt_bb_image bt_bb_shape_square bt_bb_target_self bt_bb_align_inherit bt_bb_hover_style_simple bt_bb_content_display_always bt_bb_content_align_middle\" data-bt-override-class=\"{&quot;bt_bb_align_&quot;:{&quot;current_class&quot;:&quot;bt_bb_align_inherit&quot;,&quot;xxl&quot;:&quot;inherit&quot;}}\"><span><img loading=\"lazy\" decoding=\"async\" width=\"740\" height=\"495\" src=\"https:\/\/caurishealthfr.com\/wp-content\/uploads\/2024\/01\/dental.jpg\" class=\"attachment-full size-full\" alt=\"https:\/\/caurishealthfr.com\/wp-content\/uploads\/2024\/01\/dental.jpg\" data-full_image_src=\"https:\/\/caurishealthfr.com\/wp-content\/uploads\/2024\/01\/dental.jpg\" title=\"dental\" srcset=\"https:\/\/caurishealthfr.com\/wp-content\/uploads\/2024\/01\/dental.jpg 740w, https:\/\/caurishealthfr.com\/wp-content\/uploads\/2024\/01\/dental-640x428.jpg 640w, https:\/\/caurishealthfr.com\/wp-content\/uploads\/2024\/01\/dental-320x214.jpg 320w\" sizes=\"(max-width: 740px) 100vw, 740px\" \/><\/span><\/div><\/div><\/div><\/div><div  class=\"bt_bb_column col-xxl-1 col-xl-1 col-xs-12 col-sm-12 col-md-12 col-lg-1 bt_bb_vertical_align_top bt_bb_align_left bt_bb_padding_normal\"  data-width=\"1\" data-bt-override-class=\"{}\"><div class=\"bt_bb_column_content\"><div class=\"bt_bb_column_content_inner\"><\/div><\/div><\/div><div  class=\"bt_bb_column col-xxl-7 col-xl-7 col-xs-12 col-sm-12 col-md-12 col-lg-7 bt_bb_vertical_align_middle bt_bb_align_left bt_bb_padding_normal bt_bb_animation_fade_in animate\"  data-width=\"7\" data-bt-override-class=\"{&quot;bt_bb_align_&quot;:{&quot;current_class&quot;:&quot;bt_bb_align_left&quot;,&quot;xxl&quot;:&quot;left&quot;,&quot;xl&quot;:&quot;left&quot;}}\"><div class=\"bt_bb_column_content\"><div class=\"bt_bb_column_content_inner\"><div data-bb-version=\"4.6.1\" class=\"bt_bb_separator bt_bb_border_style_none bt_bb_top_spacing_none bt_bb_bottom_spacing_medium\" data-bt-override-class=\"{&quot;bt_bb_top_spacing_&quot;:{&quot;current_class&quot;:&quot;bt_bb_top_spacing_none&quot;,&quot;xxl&quot;:&quot;none&quot;},&quot;bt_bb_bottom_spacing_&quot;:{&quot;current_class&quot;:&quot;bt_bb_bottom_spacing_medium&quot;,&quot;xxl&quot;:&quot;medium&quot;}}\"><\/div><header class=\"bt_bb_headline bt_bb_dash_none bt_bb_size_normal bt_bb_align_inherit\" data-bt-override-class=\"{&quot;bt_bb_size_&quot;:{&quot;current_class&quot;:&quot;bt_bb_size_normal&quot;,&quot;xxl&quot;:&quot;normal&quot;,&quot;xl&quot;:&quot;normal&quot;},&quot;bt_bb_align_&quot;:{&quot;current_class&quot;:&quot;bt_bb_align_inherit&quot;,&quot;xxl&quot;:&quot;inherit&quot;,&quot;xl&quot;:&quot;inherit&quot;}}\"><h2 class=\"bt_bb_headline_tag\"><span class=\"bt_bb_headline_content\"><span>G\u00fcl\u00fc\u015f <b>Tasar\u0131m\u0131<\/b> Bilgi<\/span><\/span><\/h2><\/header><div class=\"bt_bb_separator bt_bb_border_style_none bt_bb_bottom_spacing_normal\" data-bt-override-class=\"null\"><\/div><div class=\"bt_bb_accordion bt_bb_color_scheme_12 bt_bb_style_simple bt_bb_shape_square bt_bb_style_simple\" style=\"; --accordion-primary-color:var(--alternate-color); --accordion-secondary-color:var(--accent-color);\" data-closed=closed><div class=\"bt_bb_accordion_item\"><div class=\"bt_bb_accordion_item_title\">\u0130MPLANT<\/div><div class=\"bt_bb_accordion_item_content\"><div  class=\"bt_bb_text\" >\n<p>Di\u015f implantlar\u0131, di\u015f k\u00f6k\u00fc g\u00f6revini g\u00f6r\u00fcr. \u00c7e\u015fitli Avrupa ve T\u00fcrk markalar\u0131ndan tec\u00fcrbeli hekimlerle iyi tedaviler almak m\u00fcmk\u00fcnd\u00fcr.<\/p>\n<\/div>\n<\/div><\/div><div class=\"bt_bb_accordion_item\"><div class=\"bt_bb_accordion_item_title\">KAPLAMA<\/div><div class=\"bt_bb_accordion_item_content\"><div  class=\"bt_bb_text\" >\n<p>Di\u015f kaplamalar\u0131 di\u015flerin k\u00f6klerini kaplar. Bu nedenle malzemeler do\u011fal ve g\u00fc\u00e7l\u00fc se\u00e7eneklerden se\u00e7ilmeli ve deneyimli laboratuvarlarda tasarlanmal\u0131d\u0131r.<\/p>\n<\/div>\n<\/div><\/div><div class=\"bt_bb_accordion_item\"><div class=\"bt_bb_accordion_item_title\">LAM\u0130NE<\/div><div class=\"bt_bb_accordion_item_content\"><div  class=\"bt_bb_text\" >\n<p>Lamineler yaprak inceli\u011finde di\u015flerin \u00f6n d\u0131\u015f y\u00fczeylerini kaplayan ve estetik g\u00f6r\u00fcn\u00fcm\u00fc artt\u0131ran kaplama \u00e7e\u015fitleridir.<\/p>\n<\/div>\n<\/div><\/div><div class=\"bt_bb_accordion_item\"><div class=\"bt_bb_accordion_item_title\">K\u00d6PR\u00dc<\/div><div class=\"bt_bb_accordion_item_content\"><div  class=\"bt_bb_text\" >\n<p>Di\u015f k\u00f6pr\u00fcs\u00fc tedavisi<\/p>\n<\/div>\n<\/div><\/div><\/div><div class=\"bt_bb_separator bt_bb_border_style_none bt_bb_bottom_spacing_medium\" data-bt-override-class=\"{&quot;bt_bb_bottom_spacing_&quot;:{&quot;current_class&quot;:&quot;bt_bb_bottom_spacing_medium&quot;,&quot;xxl&quot;:&quot;medium&quot;}}\"><\/div><\/div><\/div><\/div><\/div><\/div><\/div><!-- cell_inner --><\/div><!-- cell --><\/div><!-- port --><\/section>","protected":false},"excerpt":{"rendered":"","protected":false},"author":1,"featured_media":0,"parent":0,"menu_order":0,"comment_status":"closed","ping_status":"closed","template":"","meta":{"footnotes":""},"class_list":["post-4912","page","type-page","status-publish","hentry"],"_links":{"self":[{"href":"https:\/\/caurishealthfr.com\/tr\/wp-json\/wp\/v2\/pages\/4912"}],"collection":[{"href":"https:\/\/caurishealthfr.com\/tr\/wp-json\/wp\/v2\/pages"}],"about":[{"href":"https:\/\/caurishealthfr.com\/tr\/wp-json\/wp\/v2\/types\/page"}],"author":[{"embeddable":true,"href":"https:\/\/caurishealthfr.com\/tr\/wp-json\/wp\/v2\/users\/1"}],"replies":[{"embeddable":true,"href":"https:\/\/caurishealthfr.com\/tr\/wp-json\/wp\/v2\/comments?post=4912"}],"version-history":[{"count":5,"href":"https:\/\/caurishealthfr.com\/tr\/wp-json\/wp\/v2\/pages\/4912\/revisions"}],"predecessor-version":[{"id":4978,"href":"https:\/\/caurishealthfr.com\/tr\/wp-json\/wp\/v2\/pages\/4912\/revisions\/4978"}],"wp:attachment":[{"href":"https:\/\/caurishealthfr.com\/tr\/wp-json\/wp\/v2\/media?parent=4912"}],"curies":[{"name":"wp","href":"https:\/\/api.w.org\/{rel}","templated":true}]}}