{"id":4987,"date":"2023-09-20T10:37:54","date_gmt":"2023-09-20T07:37:54","guid":{"rendered":"https:\/\/caurishealthfr.com\/yuz-genclestirme\/"},"modified":"2024-02-01T13:43:27","modified_gmt":"2024-02-01T10:43:27","slug":"yuz-genclestirme","status":"publish","type":"page","link":"https:\/\/caurishealthfr.com\/tr\/yuz-genclestirme\/","title":{"rendered":"Y\u00dcZ GEN\u00c7LE\u015eT\u0130RME"},"content":{"rendered":"<section data-bb-version=\"4.6.1\" id=\"bt_bb_section6a048198a1f42\" class=\"bt_bb_section bt_bb_color_scheme_10 bt_bb_layout_boxed_1200 bt_bb_vertical_align_top bt_bb_top_spacing_large bt_bb_bottom_spacing_normal\" style=\"; --section-primary-color:#ffffff; --section-secondary-color:var(--alternate-color);\" data-bt-override-class=\"{&quot;bt_bb_top_spacing_&quot;:{&quot;current_class&quot;:&quot;bt_bb_top_spacing_large&quot;,&quot;xxl&quot;:&quot;large&quot;,&quot;sm&quot;:&quot;medium&quot;,&quot;xs&quot;:&quot;medium&quot;},&quot;bt_bb_bottom_spacing_&quot;:{&quot;current_class&quot;:&quot;bt_bb_bottom_spacing_normal&quot;,&quot;xxl&quot;:&quot;normal&quot;}}\"><div class=\"bt_bb_port\"><div class=\"bt_bb_cell\"><div class=\"bt_bb_cell_inner\"><div class=\"bt_bb_row_wrapper\"><div  class=\"bt_bb_row\"  data-bt-override-class=\"{}\"><div data-bb-version=\"4.6.1\"  class=\"bt_bb_column col-xxl-12 col-xl-12 col-xs-12 col-sm-12 col-md-12 col-lg-12 bt_bb_vertical_align_top bt_bb_align_center bt_bb_padding_normal bt_bb_animation_fade_in animate\"  data-width=\"12\" data-bt-override-class=\"{&quot;bt_bb_align_&quot;:{&quot;current_class&quot;:&quot;bt_bb_align_center&quot;,&quot;xxl&quot;:&quot;center&quot;},&quot;bt_bb_padding_&quot;:{&quot;current_class&quot;:&quot;bt_bb_padding_normal&quot;,&quot;xxl&quot;:&quot;normal&quot;}}\"><div class=\"bt_bb_column_content\"><div class=\"bt_bb_column_content_inner\"><div data-bb-version=\"4.6.1\" class=\"bt_bb_separator bt_bb_border_style_none bt_bb_top_spacing_none bt_bb_bottom_spacing_medium\" data-bt-override-class=\"{&quot;bt_bb_top_spacing_&quot;:{&quot;current_class&quot;:&quot;bt_bb_top_spacing_none&quot;,&quot;xxl&quot;:&quot;none&quot;},&quot;bt_bb_bottom_spacing_&quot;:{&quot;current_class&quot;:&quot;bt_bb_bottom_spacing_medium&quot;,&quot;xxl&quot;:&quot;medium&quot;,&quot;sm&quot;:&quot;small&quot;,&quot;xs&quot;:&quot;small&quot;}}\"><\/div><header data-bb-version=\"4.6.1\" class=\"bt_bb_headline bt_bb_subheadline_text_transform_default bt_bb_dash_none bt_bb_subheadline bt_bb_size_extralarge bt_bb_align_inherit\" data-bt-override-class=\"{&quot;bt_bb_size_&quot;:{&quot;current_class&quot;:&quot;bt_bb_size_extralarge&quot;,&quot;xxl&quot;:&quot;extralarge&quot;,&quot;sm&quot;:&quot;normal&quot;},&quot;bt_bb_align_&quot;:{&quot;current_class&quot;:&quot;bt_bb_align_inherit&quot;,&quot;xxl&quot;:&quot;inherit&quot;}}\"><h1 class=\"bt_bb_headline_tag\"><span class=\"bt_bb_headline_content\"><span>Y\u00fcz <b>Gen\u00e7le\u015ftirme<\/b><\/span><\/span><\/h1><div class=\"bt_bb_headline_subheadline\">G\u00f6z Kapa\u011f\u0131 - Burun - Y\u00fcz Germe<\/div><\/header><div class=\"bt_bb_separator bt_bb_border_style_none bt_bb_bottom_spacing_normal\" data-bt-override-class=\"{&quot;bt_bb_bottom_spacing_&quot;:{&quot;current_class&quot;:&quot;bt_bb_bottom_spacing_normal&quot;,&quot;xxl&quot;:&quot;normal&quot;,&quot;sm&quot;:&quot;extra_small&quot;,&quot;xs&quot;:&quot;extra_small&quot;}}\"><\/div><\/div><\/div><\/div><\/div><\/div><\/div><!-- cell_inner --><\/div><!-- cell --><\/div><!-- port --><\/section><section id=\"bt_bb_section6a048198a22ab\" class=\"bt_bb_section bt_bb_color_scheme_17 bt_bb_layout_wide bt_bb_vertical_align_top\" style=\"; --section-primary-color:var(--alternate-color); --section-secondary-color:#f3f3f3;\" data-bt-override-class=\"null\"><div class=\"bt_bb_port\"><div class=\"bt_bb_cell\"><div class=\"bt_bb_cell_inner\"><div class=\"bt_bb_row_wrapper bt_bb_row_push_right bt_bb_content_wide bt_bb_row_width_boxed_1200\"><div  class=\"bt_bb_row bt_bb_column_gap_0\"  data-bt-override-class=\"{}\"><div  class=\"bt_bb_column col-xxl-7 col-xl-7 col-xs-12 col-sm-12 col-md-12 col-lg-7 bt_bb_vertical_align_middle bt_bb_align_left bt_bb_padding_normal bt_bb_animation_fade_in animate\"  data-width=\"7\" data-bt-override-class=\"{&quot;bt_bb_align_&quot;:{&quot;current_class&quot;:&quot;bt_bb_align_left&quot;,&quot;xxl&quot;:&quot;left&quot;,&quot;xl&quot;:&quot;left&quot;}}\"><div class=\"bt_bb_column_content\"><div class=\"bt_bb_column_content_inner\"><div class=\"bt_bb_separator bt_bb_border_style_none bt_bb_bottom_spacing_normal\" data-bt-override-class=\"{&quot;bt_bb_bottom_spacing_&quot;:{&quot;current_class&quot;:&quot;bt_bb_bottom_spacing_normal&quot;,&quot;xxl&quot;:&quot;normal&quot;}}\"><\/div><header data-bb-version=\"4.6.1\" class=\"bt_bb_headline bt_bb_subheadline_text_transform_default bt_bb_dash_none bt_bb_size_large bt_bb_align_inherit\" style=\"max-width: 600px;\" data-bt-override-class=\"{&quot;bt_bb_size_&quot;:{&quot;current_class&quot;:&quot;bt_bb_size_large&quot;,&quot;xxl&quot;:&quot;large&quot;},&quot;bt_bb_align_&quot;:{&quot;current_class&quot;:&quot;bt_bb_align_inherit&quot;,&quot;xxl&quot;:&quot;inherit&quot;}}\"><h2 class=\"bt_bb_headline_tag\"><span class=\"bt_bb_headline_content\"><span>Y\u00fcz <b>Gen\u00e7le\u015ftirme<\/b><\/span><\/span><\/h2><\/header><div data-bb-version=\"4.6.1\" class=\"bt_bb_separator bt_bb_border_style_none bt_bb_top_spacing_none bt_bb_bottom_spacing_small\" data-bt-override-class=\"{&quot;bt_bb_top_spacing_&quot;:{&quot;current_class&quot;:&quot;bt_bb_top_spacing_none&quot;,&quot;xxl&quot;:&quot;none&quot;},&quot;bt_bb_bottom_spacing_&quot;:{&quot;current_class&quot;:&quot;bt_bb_bottom_spacing_small&quot;,&quot;xxl&quot;:&quot;small&quot;,&quot;sm&quot;:&quot;small&quot;,&quot;xs&quot;:&quot;small&quot;}}\"><\/div><div class=\"bt_bb_row_wrapper\"><div  class=\"bt_bb_row_inner\"  data-bt-override-class=\"{}\"><div  class=\"bt_bb_column_inner col-xxl-6 col-xl-6 col-xs-12 col-sm-12 col-md-12 col-lg-6 bt_bb_align_left bt_bb_vertical_align_top\"  data-width=\"6\" data-bt-override-class=\"{}\"><div class=\"bt_bb_column_inner_content\"><div  class=\"bt_bb_text\" ><p><strong>Sizlere gen\u00e7 ve tazelenmi\u015f bir g\u00f6r\u00fcn\u00fcm kazand\u0131rmak i\u00e7in buraday\u0131z. Y\u00fcz esteti\u011fi alan\u0131nda anla\u015fmal\u0131 oldu\u011fumuz kurumlarda, alan\u0131nda en yetkin hekimler ile modern tekniklerle donat\u0131lm\u0131\u015f platformumuzda size \u00f6zel \u00e7\u00f6z\u00fcmler sunuyoruz.<\/strong><\/p>\n<p>Cauris Health, ki\u015fisel g\u00fczellik hedeflerinize ula\u015fman\u0131za yard\u0131mc\u0131 olmak i\u00e7in sizi do\u011fru uzmanlarla bulu\u015fturmay\u0131 ama\u00e7layan y\u00fcz esteti\u011fi alan\u0131nda dan\u0131\u015fmanl\u0131k hizmetleri sunmaktad\u0131r. Sitemizdeki uzmanlar, y\u00fcksek kaliteli e\u011fitim ve geni\u015f tecr\u00fcbeyle y\u00fcz esteti\u011fi konusunda uzmanla\u015fm\u0131\u015ft\u0131r.<\/p>\n<\/div><div class=\"bt_bb_separator bt_bb_border_style_none bt_bb_bottom_spacing_small bt_bb_hidden_md bt_bb_hidden_lg\" data-bt-override-class=\"null\"><\/div><\/div><\/div><div  class=\"bt_bb_column_inner col-xxl-6 col-xl-6 col-xs-12 col-sm-12 col-md-12 col-lg-6 bt_bb_align_left bt_bb_vertical_align_top\"  data-width=\"6\" data-bt-override-class=\"{}\"><div class=\"bt_bb_column_inner_content\"><div  class=\"bt_bb_text\" ><p>Ne t\u00fcr bir de\u011fi\u015fiklik istedi\u011finizi bize bildirin, biz de size en uygun uzman\u0131 se\u00e7menize yard\u0131mc\u0131 olal\u0131m. Burun esteti\u011fi, g\u00f6z esteti\u011fi, boyun esteti\u011fi gibi alanlarda i\u015fbirli\u011fi i\u00e7erisinde oldu\u011fumuz profesyoneller, arzu etti\u011finiz estetik g\u00f6r\u00fcn\u00fcme kavu\u015fman\u0131z i\u00e7in size yol g\u00f6sterecektir.<\/p>\n<p>Y\u00fcz esteti\u011fi sadece d\u0131\u015f g\u00f6r\u00fcn\u00fc\u015f\u00fcn\u00fcz\u00fc g\u00fczelle\u015ftirmekle kalmaz, ayn\u0131 zamanda kendinize olan g\u00fcveninizi de art\u0131r\u0131r. Uzman ekibimizle g\u00fczellik yolculu\u011funuzda size rehberlik edece\u011fiz.<\/p>\n<p>Bize ula\u015farak daha gen\u00e7, daha canl\u0131 bir g\u00f6r\u00fcn\u00fcm i\u00e7in ilk ad\u0131m\u0131 at\u0131n. Sizlere en iyi hizmeti sunmak i\u00e7in buraday\u0131z!<\/p>\n<\/div><\/div><\/div><\/div><\/div><div class=\"bt_bb_separator bt_bb_border_style_none bt_bb_bottom_spacing_normal\" data-bt-override-class=\"{&quot;bt_bb_bottom_spacing_&quot;:{&quot;current_class&quot;:&quot;bt_bb_bottom_spacing_normal&quot;,&quot;xxl&quot;:&quot;normal&quot;}}\"><\/div><\/div><\/div><\/div><div  class=\"bt_bb_column col-xxl-1 col-xl-1 col-xs-12 col-sm-12 col-md-12 col-lg-1 bt_bb_vertical_align_top bt_bb_align_left bt_bb_padding_normal\"  data-width=\"1\" data-bt-override-class=\"{}\"><div class=\"bt_bb_column_content\"><div class=\"bt_bb_column_content_inner\"><\/div><\/div><\/div><div data-bb-version=\"4.6.1\"  class=\"bt_bb_column col-xxl-4 col-xl-4 col-xs-12 col-sm-12 col-md-12 col-lg-4 bt_bb_vertical_align_top bt_bb_align_left btLazyLoadBackground bt_bb_column_background_image bt_bb_padding_normal bt_bb_animation_fade_in animate\" style=\"background-image:url(&#039;https:\/\/caurishealthfr.com\/wp-content\/plugins\/bold-page-builder\/img\/blank.gif&#039;);\" data-background_image_src='https:\/\/caurishealthfr.com\/wp-content\/uploads\/2023\/09\/face-rejuvenation.jpg' data-width=\"4\" data-bt-override-class=\"{&quot;bt_bb_align_&quot;:{&quot;current_class&quot;:&quot;bt_bb_align_left&quot;,&quot;xxl&quot;:&quot;left&quot;},&quot;bt_bb_padding_&quot;:{&quot;current_class&quot;:&quot;bt_bb_padding_normal&quot;,&quot;xxl&quot;:&quot;normal&quot;}}\"><div class=\"bt_bb_column_content\"><div class=\"bt_bb_column_content_inner\"><div data-bb-version=\"4.6.1\" class=\"bt_bb_image bt_bb_shape_square bt_bb_target_self bt_bb_align_inherit bt_bb_hover_style_simple bt_bb_content_display_always bt_bb_content_align_middle bt_bb_hidden_md bt_bb_hidden_lg bt_bb_hidden_xl\" data-bt-override-class=\"{&quot;bt_bb_align_&quot;:{&quot;current_class&quot;:&quot;bt_bb_align_inherit&quot;,&quot;xxl&quot;:&quot;inherit&quot;}}\"><span><img loading=\"lazy\" decoding=\"async\" width=\"950\" height=\"1008\" src=\"https:\/\/caurishealthfr.com\/wp-content\/uploads\/2023\/09\/face-rejuvenation.jpg\" class=\"attachment-full size-full\" alt=\"face rejuvenation\" data-full_image_src=\"https:\/\/caurishealthfr.com\/wp-content\/uploads\/2023\/09\/face-rejuvenation.jpg\" title=\"face-rejuvenation\" srcset=\"https:\/\/caurishealthfr.com\/wp-content\/uploads\/2023\/09\/face-rejuvenation.jpg 950w, https:\/\/caurishealthfr.com\/wp-content\/uploads\/2023\/09\/face-rejuvenation-640x679.jpg 640w, https:\/\/caurishealthfr.com\/wp-content\/uploads\/2023\/09\/face-rejuvenation-768x815.jpg 768w, https:\/\/caurishealthfr.com\/wp-content\/uploads\/2023\/09\/face-rejuvenation-320x340.jpg 320w\" sizes=\"(max-width: 950px) 100vw, 950px\" \/><\/span><\/div><\/div><\/div><\/div><\/div><\/div><div class=\"bt_bb_row_wrapper\"><div  class=\"bt_bb_row\"  data-bt-override-class=\"{}\"><div  class=\"bt_bb_column col-xxl-12 col-xl-12 col-xs-12 col-sm-12 col-md-12 col-lg-12 bt_bb_vertical_align_top bt_bb_align_left bt_bb_padding_normal\"  data-width=\"12\" data-bt-override-class=\"{}\"><div class=\"bt_bb_column_content\"><div class=\"bt_bb_column_content_inner\"><\/div><\/div><\/div><\/div><\/div><div data-bb-version=\"4.6.1\" class=\"bt_bb_row_wrapper bt_bb_row_push_left bt_bb_content_wide bt_bb_row_width_boxed_1200\"><div  class=\"bt_bb_row bt_bb_column_gap_0\" style=\"background: linear-gradient( 180deg, rgba(255,255,255,0) 0%, rgba(255,255,255,0.8) 15%, rgba(255,255,255,1) 100%);\" data-bt-override-class=\"{}\"><div  class=\"bt_bb_column col-xxl-4 col-xl-4 col-xs-12 col-sm-12 col-md-12 col-lg-4 bt_bb_vertical_align_top bt_bb_align_left bt_bb_order_md_2 bt_bb_order_sm_2 bt_bb_order_xs_2 btLazyLoadBackground bt_bb_column_background_image bt_bb_padding_normal bt_bb_animation_fade_in animate bt_bb_shape_soft-rounded bt_bb_top_right_shape bt_bb_bottom_right_shape\" style=\"background-image:url(&#039;https:\/\/caurishealthfr.com\/wp-content\/plugins\/bold-page-builder\/img\/blank.gif&#039;);\" data-background_image_src='https:\/\/caurishealthfr.com\/wp-content\/uploads\/2023\/09\/face-rejuvenation-2.jpg' data-width=\"4\" data-bt-override-class=\"{&quot;bt_bb_align_&quot;:{&quot;current_class&quot;:&quot;bt_bb_align_left&quot;,&quot;xxl&quot;:&quot;left&quot;,&quot;xl&quot;:&quot;left&quot;}}\"><div class=\"bt_bb_column_content\"><div class=\"bt_bb_column_content_inner\"><div data-bb-version=\"4.6.1\" class=\"bt_bb_image bt_bb_shape_square bt_bb_target_self bt_bb_align_inherit bt_bb_hover_style_simple bt_bb_content_display_always bt_bb_content_align_middle bt_bb_hidden_md bt_bb_hidden_lg bt_bb_hidden_xl\" data-bt-override-class=\"{&quot;bt_bb_align_&quot;:{&quot;current_class&quot;:&quot;bt_bb_align_inherit&quot;,&quot;xxl&quot;:&quot;inherit&quot;}}\"><span><img loading=\"lazy\" decoding=\"async\" width=\"993\" height=\"930\" src=\"https:\/\/caurishealthfr.com\/wp-content\/uploads\/2023\/09\/face-rejuvenation-2.jpg\" class=\"attachment-full size-full\" alt=\"https:\/\/caurishealthfr.com\/wp-content\/uploads\/2023\/09\/face-rejuvenation-2.jpg\" data-full_image_src=\"https:\/\/caurishealthfr.com\/wp-content\/uploads\/2023\/09\/face-rejuvenation-2.jpg\" title=\"face-rejuvenation-2\" srcset=\"https:\/\/caurishealthfr.com\/wp-content\/uploads\/2023\/09\/face-rejuvenation-2.jpg 993w, https:\/\/caurishealthfr.com\/wp-content\/uploads\/2023\/09\/face-rejuvenation-2-640x599.jpg 640w, https:\/\/caurishealthfr.com\/wp-content\/uploads\/2023\/09\/face-rejuvenation-2-768x719.jpg 768w, https:\/\/caurishealthfr.com\/wp-content\/uploads\/2023\/09\/face-rejuvenation-2-320x300.jpg 320w\" sizes=\"(max-width: 993px) 100vw, 993px\" \/><\/span><\/div><\/div><\/div><\/div><div  class=\"bt_bb_column col-xxl-1 col-xl-1 col-xs-12 col-sm-12 col-md-12 col-lg-1 bt_bb_vertical_align_top bt_bb_align_left bt_bb_padding_normal\"  data-width=\"1\" data-bt-override-class=\"{}\"><div class=\"bt_bb_column_content\"><div class=\"bt_bb_column_content_inner\"><\/div><\/div><\/div><div  class=\"bt_bb_column col-xxl-7 col-xl-7 col-xs-12 col-sm-12 col-md-12 col-lg-7 bt_bb_vertical_align_middle bt_bb_align_left bt_bb_padding_normal bt_bb_animation_fade_in animate\"  data-width=\"7\" data-bt-override-class=\"{&quot;bt_bb_align_&quot;:{&quot;current_class&quot;:&quot;bt_bb_align_left&quot;,&quot;xxl&quot;:&quot;left&quot;,&quot;xl&quot;:&quot;left&quot;}}\"><div class=\"bt_bb_column_content\"><div class=\"bt_bb_column_content_inner\"><div data-bb-version=\"4.6.1\" class=\"bt_bb_separator bt_bb_border_style_none bt_bb_top_spacing_none bt_bb_bottom_spacing_medium\" data-bt-override-class=\"{&quot;bt_bb_top_spacing_&quot;:{&quot;current_class&quot;:&quot;bt_bb_top_spacing_none&quot;,&quot;xxl&quot;:&quot;none&quot;},&quot;bt_bb_bottom_spacing_&quot;:{&quot;current_class&quot;:&quot;bt_bb_bottom_spacing_medium&quot;,&quot;xxl&quot;:&quot;medium&quot;,&quot;sm&quot;:&quot;normal&quot;,&quot;xs&quot;:&quot;normal&quot;}}\"><\/div><header data-bb-version=\"4.6.1\" class=\"bt_bb_headline bt_bb_subheadline_text_transform_default bt_bb_color_scheme_15 bt_bb_dash_none bt_bb_size_normal bt_bb_align_inherit\" style=\"; --primary-color:var(--alternate-color); --secondary-color:#f3fcff;\" data-bt-override-class=\"{&quot;bt_bb_size_&quot;:{&quot;current_class&quot;:&quot;bt_bb_size_normal&quot;,&quot;xxl&quot;:&quot;normal&quot;},&quot;bt_bb_align_&quot;:{&quot;current_class&quot;:&quot;bt_bb_align_inherit&quot;,&quot;xxl&quot;:&quot;inherit&quot;}}\"><h2 class=\"bt_bb_headline_tag\"><span class=\"bt_bb_headline_content\"><span>Y\u00fcz Gen\u00e7le\u015ftirme <b>Bilgi<\/b><\/span><\/span><\/h2><\/header><div class=\"bt_bb_separator bt_bb_border_style_none bt_bb_bottom_spacing_normal\" data-bt-override-class=\"null\"><\/div><div class=\"bt_bb_accordion bt_bb_color_scheme_12 bt_bb_style_simple bt_bb_shape_square bt_bb_style_simple\" style=\"; --accordion-primary-color:var(--alternate-color); --accordion-secondary-color:var(--accent-color);\" data-closed=closed><div class=\"bt_bb_accordion_item\"><div class=\"bt_bb_accordion_item_title\">G\u00d6Z KAPA\u011eI<\/div><div class=\"bt_bb_accordion_item_content\"><div  class=\"bt_bb_text\" >\n<p>\u00dcst ve alt g\u00f6z kapa\u011f\u0131 ameliyat\u0131 sark\u0131k \u00fcst g\u00f6z kapaklar\u0131n\u0131 s\u0131k\u0131la\u015ft\u0131r\u0131r, g\u00f6z alt\u0131 torbalar\u0131n\u0131 d\u00fczeltir ve g\u00f6z \u00e7evresindeki fazla deriyi al\u0131r.<\/p>\n<\/div>\n<\/div><\/div><div class=\"bt_bb_accordion_item\"><div class=\"bt_bb_accordion_item_title\">BURUN<\/div><div class=\"bt_bb_accordion_item_content\"><div  class=\"bt_bb_text\" >\n<p>Burun esteti\u011fi, nefes alma sorunlar\u0131n\u0131n \u00fcstesinden gelmeye ve burun \u015feklini y\u00fczle orant\u0131l\u0131 olarak ayarlamaya yard\u0131mc\u0131 olur.<\/p>\n<\/div>\n<\/div><\/div><div class=\"bt_bb_accordion_item\"><div class=\"bt_bb_accordion_item_title\">Y\u00dcZ GERME<\/div><div class=\"bt_bb_accordion_item_content\"><div  class=\"bt_bb_text\" >\n<p>Y\u00fcz germe ameliyat\u0131; \u015fakak germe, orta y\u00fcz germe, boyun germe veya bunlar\u0131n hepsinin birlikte ger\u015fekle\u015ftirilebildi\u011fi bir uygulamad\u0131r.<\/p>\n<\/div>\n<\/div><\/div><div class=\"bt_bb_accordion_item\"><div class=\"bt_bb_accordion_item_title\">Y\u00dcZE YA\u011e DOLGUSU<\/div><div class=\"bt_bb_accordion_item_content\"><div  class=\"bt_bb_text\" >\n<p>Y\u00fcze ya\u011f dolgusu, kendi v\u00fccudunuzdan ya\u011f almay\u0131 ve y\u00fcz\u00fcn\u00fcz\u00fcn belirli b\u00f6lgelerine enjekte etmeyi i\u00e7eren bir y\u00fcz \u015fekillendirme prosed\u00fcr\u00fcd\u00fcr. Y\u00fcze ya\u011f enjeksiyonunun amac\u0131, kaybedilen ya\u011f yast\u0131k\u00e7\u0131klar\u0131n\u0131 geri kazand\u0131rmak veya y\u00fcz\u00fcn genetik olarak hacim kayb\u0131 olan k\u0131s\u0131mlar\u0131n\u0131 doldurmakt\u0131r.<\/p>\n<\/div>\n<\/div><\/div><\/div><div class=\"bt_bb_separator bt_bb_border_style_none bt_bb_bottom_spacing_normal\" data-bt-override-class=\"{&quot;bt_bb_bottom_spacing_&quot;:{&quot;current_class&quot;:&quot;bt_bb_bottom_spacing_normal&quot;,&quot;xxl&quot;:&quot;normal&quot;}}\"><\/div><\/div><\/div><\/div><\/div><\/div><\/div><!-- cell_inner --><\/div><!-- cell --><\/div><!-- port --><\/section>","protected":false},"excerpt":{"rendered":"","protected":false},"author":1,"featured_media":0,"parent":0,"menu_order":0,"comment_status":"closed","ping_status":"closed","template":"","meta":{"footnotes":""},"class_list":["post-4987","page","type-page","status-publish","hentry"],"_links":{"self":[{"href":"https:\/\/caurishealthfr.com\/tr\/wp-json\/wp\/v2\/pages\/4987"}],"collection":[{"href":"https:\/\/caurishealthfr.com\/tr\/wp-json\/wp\/v2\/pages"}],"about":[{"href":"https:\/\/caurishealthfr.com\/tr\/wp-json\/wp\/v2\/types\/page"}],"author":[{"embeddable":true,"href":"https:\/\/caurishealthfr.com\/tr\/wp-json\/wp\/v2\/users\/1"}],"replies":[{"embeddable":true,"href":"https:\/\/caurishealthfr.com\/tr\/wp-json\/wp\/v2\/comments?post=4987"}],"version-history":[{"count":13,"href":"https:\/\/caurishealthfr.com\/tr\/wp-json\/wp\/v2\/pages\/4987\/revisions"}],"predecessor-version":[{"id":5249,"href":"https:\/\/caurishealthfr.com\/tr\/wp-json\/wp\/v2\/pages\/4987\/revisions\/5249"}],"wp:attachment":[{"href":"https:\/\/caurishealthfr.com\/tr\/wp-json\/wp\/v2\/media?parent=4987"}],"curies":[{"name":"wp","href":"https:\/\/api.w.org\/{rel}","templated":true}]}}