{"id":5016,"date":"2023-09-21T12:46:31","date_gmt":"2023-09-21T09:46:31","guid":{"rendered":"https:\/\/caurishealthfr.com\/obezite-cerrahisi\/"},"modified":"2024-01-31T14:14:29","modified_gmt":"2024-01-31T11:14:29","slug":"obezite-cerrahisi","status":"publish","type":"page","link":"https:\/\/caurishealthfr.com\/tr\/obezite-cerrahisi\/","title":{"rendered":"Obezite Cerrahisi"},"content":{"rendered":"<section data-bb-version=\"4.6.1\" id=\"bt_bb_section6a0484743858a\" class=\"bt_bb_section bt_bb_color_scheme_10 bt_bb_layout_boxed_1200 bt_bb_vertical_align_top bt_bb_top_spacing_large bt_bb_bottom_spacing_normal\" style=\"; --section-primary-color:#ffffff; --section-secondary-color:var(--alternate-color);\" data-bt-override-class=\"{&quot;bt_bb_top_spacing_&quot;:{&quot;current_class&quot;:&quot;bt_bb_top_spacing_large&quot;,&quot;xxl&quot;:&quot;large&quot;,&quot;sm&quot;:&quot;medium&quot;,&quot;xs&quot;:&quot;medium&quot;},&quot;bt_bb_bottom_spacing_&quot;:{&quot;current_class&quot;:&quot;bt_bb_bottom_spacing_normal&quot;,&quot;xxl&quot;:&quot;normal&quot;}}\"><div class=\"bt_bb_port\"><div class=\"bt_bb_cell\"><div class=\"bt_bb_cell_inner\"><div class=\"bt_bb_row_wrapper\"><div  class=\"bt_bb_row\"  data-bt-override-class=\"{}\"><div data-bb-version=\"4.6.1\"  class=\"bt_bb_column col-xxl-12 col-xl-12 col-xs-12 col-sm-12 col-md-12 col-lg-12 bt_bb_vertical_align_top bt_bb_align_center bt_bb_padding_normal bt_bb_animation_fade_in animate\"  data-width=\"12\" data-bt-override-class=\"{&quot;bt_bb_align_&quot;:{&quot;current_class&quot;:&quot;bt_bb_align_center&quot;,&quot;xxl&quot;:&quot;center&quot;},&quot;bt_bb_padding_&quot;:{&quot;current_class&quot;:&quot;bt_bb_padding_normal&quot;,&quot;xxl&quot;:&quot;normal&quot;}}\"><div class=\"bt_bb_column_content\"><div class=\"bt_bb_column_content_inner\"><div data-bb-version=\"4.6.1\" class=\"bt_bb_separator bt_bb_border_style_none bt_bb_top_spacing_none bt_bb_bottom_spacing_normal\" data-bt-override-class=\"{&quot;bt_bb_top_spacing_&quot;:{&quot;current_class&quot;:&quot;bt_bb_top_spacing_none&quot;,&quot;xxl&quot;:&quot;none&quot;},&quot;bt_bb_bottom_spacing_&quot;:{&quot;current_class&quot;:&quot;bt_bb_bottom_spacing_normal&quot;,&quot;xxl&quot;:&quot;normal&quot;,&quot;sm&quot;:&quot;small&quot;,&quot;xs&quot;:&quot;small&quot;}}\"><\/div><header data-bb-version=\"4.6.1\" class=\"bt_bb_headline bt_bb_subheadline_text_transform_default bt_bb_dash_none bt_bb_subheadline bt_bb_size_extralarge bt_bb_align_inherit\" data-bt-override-class=\"{&quot;bt_bb_size_&quot;:{&quot;current_class&quot;:&quot;bt_bb_size_extralarge&quot;,&quot;xxl&quot;:&quot;extralarge&quot;,&quot;sm&quot;:&quot;normal&quot;},&quot;bt_bb_align_&quot;:{&quot;current_class&quot;:&quot;bt_bb_align_inherit&quot;,&quot;xxl&quot;:&quot;inherit&quot;}}\"><h1 class=\"bt_bb_headline_tag\"><span class=\"bt_bb_headline_content\"><span>Obezite <b>Cerrahisi<\/b><\/span><\/span><\/h1><div class=\"bt_bb_headline_subheadline\">Sleeve - Bypass - Balloon - Botox<\/div><\/header><div class=\"bt_bb_separator bt_bb_border_style_none bt_bb_bottom_spacing_normal\" data-bt-override-class=\"{&quot;bt_bb_bottom_spacing_&quot;:{&quot;current_class&quot;:&quot;bt_bb_bottom_spacing_normal&quot;,&quot;xxl&quot;:&quot;normal&quot;,&quot;sm&quot;:&quot;extra_small&quot;,&quot;xs&quot;:&quot;extra_small&quot;}}\"><\/div><\/div><\/div><\/div><\/div><\/div><\/div><!-- cell_inner --><\/div><!-- cell --><\/div><!-- port --><\/section><section data-bb-version=\"4.6.1\" id=\"bt_bb_section6a04847438951\" class=\"bt_bb_section bt_bb_color_scheme_8 bt_bb_layout_wide bt_bb_vertical_align_top bt_bb_top_spacing_none bt_bb_bottom_spacing_none\" style=\"; --section-primary-color:var(--alternate-color); --section-secondary-color:#ffffff;\" data-bt-override-class=\"{&quot;bt_bb_top_spacing_&quot;:{&quot;current_class&quot;:&quot;bt_bb_top_spacing_none&quot;,&quot;xxl&quot;:&quot;none&quot;},&quot;bt_bb_bottom_spacing_&quot;:{&quot;current_class&quot;:&quot;bt_bb_bottom_spacing_none&quot;,&quot;xxl&quot;:&quot;none&quot;}}\"><div class=\"bt_bb_port\"><div class=\"bt_bb_cell\"><div class=\"bt_bb_cell_inner\"><div class=\"bt_bb_row_wrapper bt_bb_row_push_right bt_bb_content_wide bt_bb_row_width_boxed_1200\"><div  class=\"bt_bb_row bt_bb_column_gap_0\"  data-bt-override-class=\"{}\"><div  class=\"bt_bb_column col-xxl-6 col-xl-6 col-xs-12 col-sm-12 col-md-12 col-lg-6 bt_bb_vertical_align_middle bt_bb_align_left bt_bb_padding_normal bt_bb_animation_fade_in animate\"  data-width=\"6\" data-bt-override-class=\"{&quot;bt_bb_align_&quot;:{&quot;current_class&quot;:&quot;bt_bb_align_left&quot;,&quot;xxl&quot;:&quot;left&quot;,&quot;xl&quot;:&quot;left&quot;}}\"><div class=\"bt_bb_column_content\"><div class=\"bt_bb_column_content_inner\"><div class=\"bt_bb_separator bt_bb_border_style_none bt_bb_bottom_spacing_normal\" data-bt-override-class=\"{&quot;bt_bb_bottom_spacing_&quot;:{&quot;current_class&quot;:&quot;bt_bb_bottom_spacing_normal&quot;,&quot;xxl&quot;:&quot;normal&quot;}}\"><\/div><header data-bb-version=\"4.6.1\" class=\"bt_bb_headline bt_bb_subheadline_text_transform_default bt_bb_dash_none bt_bb_subheadline bt_bb_size_large bt_bb_align_inherit\" style=\"max-width: 600px;\" data-bt-override-class=\"{&quot;bt_bb_size_&quot;:{&quot;current_class&quot;:&quot;bt_bb_size_large&quot;,&quot;xxl&quot;:&quot;large&quot;},&quot;bt_bb_align_&quot;:{&quot;current_class&quot;:&quot;bt_bb_align_inherit&quot;,&quot;xxl&quot;:&quot;inherit&quot;}}\"><h2 class=\"bt_bb_headline_tag\"><span class=\"bt_bb_headline_content\"><span>Obezite Cerrahisi <b>Dan\u0131\u015fmanl\u0131\u011f\u0131<\/b><\/span><\/span><\/h2><div class=\"bt_bb_headline_subheadline\">En iyi haliniz...<\/div><\/header><div class=\"bt_bb_separator bt_bb_border_style_none bt_bb_bottom_spacing_small\" data-bt-override-class=\"{&quot;bt_bb_bottom_spacing_&quot;:{&quot;current_class&quot;:&quot;bt_bb_bottom_spacing_small&quot;,&quot;xxl&quot;:&quot;small&quot;}}\"><\/div><div class=\"bt_bb_row_wrapper\"><div  class=\"bt_bb_row_inner\"  data-bt-override-class=\"{}\"><div  class=\"bt_bb_column_inner col-xxl-6 col-xl-6 col-xs-12 col-sm-12 col-md-12 col-lg-6 bt_bb_align_left bt_bb_vertical_align_top\"  data-width=\"6\" data-bt-override-class=\"{}\"><div class=\"bt_bb_column_inner_content\"><div  class=\"bt_bb_text\" ><p>Obezite hayat\u0131 tehdit eden bir sa\u011fl\u0131k sorunudur. Tansiyon sorunlar\u0131na, \u015feker hastal\u0131\u011f\u0131na, v\u00fccutta kronik a\u011fr\u0131lara ve daha fazlas\u0131na neden olabilir.<\/p>\n<p>En sa\u011fl\u0131kl\u0131 halinize ula\u015fabilir, fazla ya\u011flar\u0131n\u0131zdan kurtulabilirsiniz. Serbest hareketlerinizin ve dinamik g\u00f6r\u00fcn\u00fcm\u00fcn\u00fcz\u00fcn tad\u0131n\u0131 \u00e7\u0131kar\u0131n!<\/p>\n<\/div><div class=\"bt_bb_separator bt_bb_border_style_none bt_bb_bottom_spacing_small bt_bb_hidden_md bt_bb_hidden_lg\" data-bt-override-class=\"null\"><\/div><\/div><\/div><div  class=\"bt_bb_column_inner col-xxl-6 col-xl-6 col-xs-12 col-sm-12 col-md-12 col-lg-6 bt_bb_align_left bt_bb_vertical_align_top\"  data-width=\"6\" data-bt-override-class=\"{}\"><div class=\"bt_bb_column_inner_content\"><div  class=\"bt_bb_text\" ><\/div><\/div><\/div><\/div><\/div><div data-bb-version=\"4.6.1\" class=\"bt_bb_separator bt_bb_border_style_none bt_bb_top_spacing_none bt_bb_bottom_spacing_medium\" data-bt-override-class=\"{&quot;bt_bb_top_spacing_&quot;:{&quot;current_class&quot;:&quot;bt_bb_top_spacing_none&quot;,&quot;xxl&quot;:&quot;none&quot;},&quot;bt_bb_bottom_spacing_&quot;:{&quot;current_class&quot;:&quot;bt_bb_bottom_spacing_medium&quot;,&quot;xxl&quot;:&quot;medium&quot;,&quot;sm&quot;:&quot;small&quot;,&quot;xs&quot;:&quot;small&quot;}}\"><\/div><\/div><\/div><\/div><div  class=\"bt_bb_column col-xxl-1 col-xl-1 col-xs-12 col-sm-12 col-md-12 col-lg-1 bt_bb_vertical_align_top bt_bb_align_left bt_bb_padding_normal\"  data-width=\"1\" data-bt-override-class=\"{}\"><div class=\"bt_bb_column_content\"><div class=\"bt_bb_column_content_inner\"><\/div><\/div><\/div><div data-bb-version=\"4.6.1\"  class=\"bt_bb_column col-xxl-5 col-xl-5 col-xs-12 col-sm-12 col-md-12 col-lg-5 bt_bb_vertical_align_top bt_bb_align_left btLazyLoadBackground bt_bb_column_background_image bt_bb_padding_normal bt_bb_animation_fade_in animate\" style=\"background-image:url(&#039;https:\/\/caurishealthfr.com\/wp-content\/plugins\/bold-page-builder\/img\/blank.gif&#039;);\" data-background_image_src='https:\/\/caurishealthfr.com\/wp-content\/uploads\/2024\/01\/Obesity.jpg' data-width=\"5\" data-bt-override-class=\"{&quot;bt_bb_align_&quot;:{&quot;current_class&quot;:&quot;bt_bb_align_left&quot;,&quot;xxl&quot;:&quot;left&quot;},&quot;bt_bb_padding_&quot;:{&quot;current_class&quot;:&quot;bt_bb_padding_normal&quot;,&quot;xxl&quot;:&quot;normal&quot;}}\"><div class=\"bt_bb_column_content\"><div class=\"bt_bb_column_content_inner\"><div data-bb-version=\"4.6.1\" class=\"bt_bb_image bt_bb_shape_square bt_bb_target_self bt_bb_align_inherit bt_bb_hover_style_simple bt_bb_content_display_always bt_bb_content_align_middle bt_bb_hidden_md bt_bb_hidden_lg bt_bb_hidden_xl\" data-bt-override-class=\"{&quot;bt_bb_align_&quot;:{&quot;current_class&quot;:&quot;bt_bb_align_inherit&quot;,&quot;xxl&quot;:&quot;inherit&quot;}}\"><span><img loading=\"lazy\" decoding=\"async\" width=\"904\" height=\"551\" src=\"https:\/\/caurishealthfr.com\/wp-content\/uploads\/2024\/01\/Obesity.jpg\" class=\"attachment-full size-full\" alt=\"https:\/\/caurishealthfr.com\/wp-content\/uploads\/2024\/01\/Obesity.jpg\" data-full_image_src=\"https:\/\/caurishealthfr.com\/wp-content\/uploads\/2024\/01\/Obesity.jpg\" title=\"Obesity\" srcset=\"https:\/\/caurishealthfr.com\/wp-content\/uploads\/2024\/01\/Obesity.jpg 904w, https:\/\/caurishealthfr.com\/wp-content\/uploads\/2024\/01\/Obesity-640x390.jpg 640w, https:\/\/caurishealthfr.com\/wp-content\/uploads\/2024\/01\/Obesity-768x468.jpg 768w, https:\/\/caurishealthfr.com\/wp-content\/uploads\/2024\/01\/Obesity-320x195.jpg 320w\" sizes=\"(max-width: 904px) 100vw, 904px\" \/><\/span><\/div><\/div><\/div><\/div><\/div><\/div><div class=\"bt_bb_row_wrapper\"><div  class=\"bt_bb_row\"  data-bt-override-class=\"{}\"><div  class=\"bt_bb_column col-xxl-12 col-xl-12 col-xs-12 col-sm-12 col-md-12 col-lg-12 bt_bb_vertical_align_top bt_bb_align_left bt_bb_padding_normal\"  data-width=\"12\" data-bt-override-class=\"{}\"><div class=\"bt_bb_column_content\"><div class=\"bt_bb_column_content_inner\"><\/div><\/div><\/div><\/div><\/div><div data-bb-version=\"4.6.1\" class=\"bt_bb_row_wrapper bt_bb_row_push_left bt_bb_row_width_boxed_1200\"><div  class=\"bt_bb_row bt_bb_column_gap_0\" style=\"background: linear-gradient( 180deg, rgba(255,255,255,0) 0%, rgba(255,255,255,0.8) 15%, rgba(255,255,255,1) 100%);\" data-bt-override-class=\"{}\"><div data-bb-version=\"4.6.1\"  class=\"bt_bb_column col-xxl-4 col-xl-4 col-xs-12 col-sm-12 col-md-12 col-lg-4 bt_bb_vertical_align_top bt_bb_align_left bt_bb_order_md_2 bt_bb_order_sm_2 bt_bb_order_xs_2 btLazyLoadBackground bt_bb_column_background_image bt_bb_padding_normal bt_bb_animation_fade_in animate bt_bb_shape_soft-rounded\" style=\"background-image:url(&#039;https:\/\/caurishealthfr.com\/wp-content\/plugins\/bold-page-builder\/img\/blank.gif&#039;);\" data-background_image_src='https:\/\/caurishealthfr.com\/wp-content\/uploads\/2024\/01\/gastric-1.jpg' data-width=\"4\" data-bt-override-class=\"{&quot;bt_bb_align_&quot;:{&quot;current_class&quot;:&quot;bt_bb_align_left&quot;,&quot;xxl&quot;:&quot;left&quot;},&quot;bt_bb_padding_&quot;:{&quot;current_class&quot;:&quot;bt_bb_padding_normal&quot;,&quot;xxl&quot;:&quot;normal&quot;}}\"><div class=\"bt_bb_column_content\"><div class=\"bt_bb_column_content_inner\"><div data-bb-version=\"4.6.1\" class=\"bt_bb_image bt_bb_shape_square bt_bb_target_self bt_bb_align_inherit bt_bb_hover_style_simple bt_bb_content_display_always bt_bb_content_align_middle bt_bb_hidden_md bt_bb_hidden_lg bt_bb_hidden_xl\" data-bt-override-class=\"{&quot;bt_bb_align_&quot;:{&quot;current_class&quot;:&quot;bt_bb_align_inherit&quot;,&quot;xxl&quot;:&quot;inherit&quot;}}\"><span><img loading=\"lazy\" decoding=\"async\" width=\"756\" height=\"517\" src=\"https:\/\/caurishealthfr.com\/wp-content\/uploads\/2024\/01\/gastric-1.jpg\" class=\"attachment-full size-full\" alt=\"https:\/\/caurishealthfr.com\/wp-content\/uploads\/2024\/01\/gastric-1.jpg\" data-full_image_src=\"https:\/\/caurishealthfr.com\/wp-content\/uploads\/2024\/01\/gastric-1.jpg\" title=\"gastric-1\" srcset=\"https:\/\/caurishealthfr.com\/wp-content\/uploads\/2024\/01\/gastric-1.jpg 756w, https:\/\/caurishealthfr.com\/wp-content\/uploads\/2024\/01\/gastric-1-640x438.jpg 640w, https:\/\/caurishealthfr.com\/wp-content\/uploads\/2024\/01\/gastric-1-320x219.jpg 320w\" sizes=\"(max-width: 756px) 100vw, 756px\" \/><\/span><\/div><\/div><\/div><\/div><div  class=\"bt_bb_column col-xxl-1 col-xl-1 col-xs-12 col-sm-12 col-md-12 col-lg-1 bt_bb_vertical_align_top bt_bb_align_left bt_bb_padding_normal\"  data-width=\"1\" data-bt-override-class=\"{}\"><div class=\"bt_bb_column_content\"><div class=\"bt_bb_column_content_inner\"><\/div><\/div><\/div><div  class=\"bt_bb_column col-xxl-7 col-xl-7 col-xs-12 col-sm-12 col-md-12 col-lg-7 bt_bb_vertical_align_middle bt_bb_align_left bt_bb_padding_normal bt_bb_animation_fade_in animate\"  data-width=\"7\" data-bt-override-class=\"{&quot;bt_bb_align_&quot;:{&quot;current_class&quot;:&quot;bt_bb_align_left&quot;,&quot;xxl&quot;:&quot;left&quot;,&quot;xl&quot;:&quot;left&quot;}}\"><div class=\"bt_bb_column_content\"><div class=\"bt_bb_column_content_inner\"><div data-bb-version=\"4.6.1\" class=\"bt_bb_separator bt_bb_border_style_none bt_bb_top_spacing_none bt_bb_bottom_spacing_medium\" data-bt-override-class=\"{&quot;bt_bb_top_spacing_&quot;:{&quot;current_class&quot;:&quot;bt_bb_top_spacing_none&quot;,&quot;xxl&quot;:&quot;none&quot;},&quot;bt_bb_bottom_spacing_&quot;:{&quot;current_class&quot;:&quot;bt_bb_bottom_spacing_medium&quot;,&quot;xxl&quot;:&quot;medium&quot;,&quot;sm&quot;:&quot;normal&quot;,&quot;xs&quot;:&quot;normal&quot;}}\"><\/div><header data-bb-version=\"4.6.1\" class=\"bt_bb_headline bt_bb_subheadline_text_transform_default bt_bb_color_scheme_15 bt_bb_dash_none bt_bb_size_normal bt_bb_align_inherit\" style=\"; --primary-color:var(--alternate-color); --secondary-color:#f3fcff;\" data-bt-override-class=\"{&quot;bt_bb_size_&quot;:{&quot;current_class&quot;:&quot;bt_bb_size_normal&quot;,&quot;xxl&quot;:&quot;normal&quot;},&quot;bt_bb_align_&quot;:{&quot;current_class&quot;:&quot;bt_bb_align_inherit&quot;,&quot;xxl&quot;:&quot;inherit&quot;}}\"><h2 class=\"bt_bb_headline_tag\"><span class=\"bt_bb_headline_content\"><span>Obezite Cerrahisi <b>Bilgi<\/b><\/span><\/span><\/h2><\/header><div class=\"bt_bb_separator bt_bb_border_style_none bt_bb_bottom_spacing_normal\" data-bt-override-class=\"null\"><\/div><div class=\"bt_bb_accordion bt_bb_color_scheme_12 bt_bb_style_simple bt_bb_shape_square bt_bb_style_simple\" style=\"; --accordion-primary-color:var(--alternate-color); --accordion-secondary-color:var(--accent-color);\" data-closed=closed><div class=\"bt_bb_accordion_item\"><div class=\"bt_bb_accordion_item_title\">T\u00dcP M\u0130DE<\/div><div class=\"bt_bb_accordion_item_content\"><div  class=\"bt_bb_text\" >\n<p>T\u00fcp mide ameliyat\u0131, bir z\u0131mba kullanarak midenizi %80 oran\u0131nda k\u00fc\u00e7\u00fclterek kilo vermenize yard\u0131mc\u0131 olur.<\/p>\n<\/div>\n<\/div><\/div><div class=\"bt_bb_accordion_item\"><div class=\"bt_bb_accordion_item_title\">M\u0130DE BYPASS<\/div><div class=\"bt_bb_accordion_item_content\"><div  class=\"bt_bb_text\" >\n<p>Gastrik bypass ameliyat\u0131, midenizi k\u00fc\u00e7\u00fck bir \u00fcst kese ve \u00e7ok daha b\u00fcy\u00fck bir alt keseye b\u00f6lerek kilo vermenize yard\u0131mc\u0131 olur. \u0130nce ba\u011f\u0131rsak daha sonra her ikisine de ba\u011flanacak \u015fekilde yeniden d\u00fczenlenir.<\/p>\n<\/div>\n<\/div><\/div><div class=\"bt_bb_accordion_item\"><div class=\"bt_bb_accordion_item_title\">M\u0130DE BALONU<\/div><div class=\"bt_bb_accordion_item_content\"><div  class=\"bt_bb_text\" >\n<p>Mide balonu, kilo kayb\u0131 i\u00e7in mideye yerle\u015ftirilen \u015fi\u015firilebilir bir balondur. Ki\u015fiye \u00f6zel tedavi i\u00e7in balonun \u00e7e\u015fidine hekim taraf\u0131ndan karar verilir.<\/p>\n<\/div>\n<\/div><\/div><\/div><div class=\"bt_bb_separator bt_bb_border_style_none bt_bb_bottom_spacing_medium\" data-bt-override-class=\"{&quot;bt_bb_bottom_spacing_&quot;:{&quot;current_class&quot;:&quot;bt_bb_bottom_spacing_medium&quot;,&quot;xxl&quot;:&quot;medium&quot;}}\"><\/div><\/div><\/div><\/div><\/div><\/div><\/div><!-- cell_inner --><\/div><!-- cell --><\/div><!-- port --><\/section>","protected":false},"excerpt":{"rendered":"","protected":false},"author":1,"featured_media":0,"parent":0,"menu_order":0,"comment_status":"closed","ping_status":"closed","template":"","meta":{"footnotes":""},"class_list":["post-5016","page","type-page","status-publish","hentry"],"_links":{"self":[{"href":"https:\/\/caurishealthfr.com\/tr\/wp-json\/wp\/v2\/pages\/5016"}],"collection":[{"href":"https:\/\/caurishealthfr.com\/tr\/wp-json\/wp\/v2\/pages"}],"about":[{"href":"https:\/\/caurishealthfr.com\/tr\/wp-json\/wp\/v2\/types\/page"}],"author":[{"embeddable":true,"href":"https:\/\/caurishealthfr.com\/tr\/wp-json\/wp\/v2\/users\/1"}],"replies":[{"embeddable":true,"href":"https:\/\/caurishealthfr.com\/tr\/wp-json\/wp\/v2\/comments?post=5016"}],"version-history":[{"count":10,"href":"https:\/\/caurishealthfr.com\/tr\/wp-json\/wp\/v2\/pages\/5016\/revisions"}],"predecessor-version":[{"id":5038,"href":"https:\/\/caurishealthfr.com\/tr\/wp-json\/wp\/v2\/pages\/5016\/revisions\/5038"}],"wp:attachment":[{"href":"https:\/\/caurishealthfr.com\/tr\/wp-json\/wp\/v2\/media?parent=5016"}],"curies":[{"name":"wp","href":"https:\/\/api.w.org\/{rel}","templated":true}]}}